{"id":44714,"date":"2025-01-08T13:29:39","date_gmt":"2025-01-08T13:29:39","guid":{"rendered":"https:\/\/ferbaglobal.com\/?page_id=44714"},"modified":"2025-03-16T18:31:40","modified_gmt":"2025-03-16T18:31:40","slug":"wheat","status":"publish","type":"page","link":"https:\/\/ferbaglobal.com\/tr\/wheat\/","title":{"rendered":"Bu\u011fday"},"content":{"rendered":"<div data-elementor-type=\"wp-page\" data-elementor-id=\"44714\" class=\"elementor elementor-44714\">\n\t\t\t\t<div class=\"elementor-element elementor-element-f2fdb0f e-flex e-con-boxed e-con e-parent\" data-id=\"f2fdb0f\" data-element_type=\"container\">\n\t\t\t\t\t<div class=\"e-con-inner\">\n\t\t\t\t<div class=\"elementor-element elementor-element-202456b elementor-widget elementor-widget-image\" data-id=\"202456b\" data-element_type=\"widget\" data-widget_type=\"image.default\">\n\t\t\t\t<div class=\"elementor-widget-container\">\n\t\t\t\t\t\t\t\t\t\t\t\t\t\t\t<img fetchpriority=\"high\" decoding=\"async\" width=\"870\" height=\"600\" src=\"https:\/\/ferbaglobal.com\/wp-content\/uploads\/2025\/01\/product-images-ferba-global-2.jpg\" class=\"attachment-large size-large wp-image-44865\" alt=\"\" srcset=\"https:\/\/ferbaglobal.com\/wp-content\/uploads\/2025\/01\/product-images-ferba-global-2.jpg 870w, https:\/\/ferbaglobal.com\/wp-content\/uploads\/2025\/01\/product-images-ferba-global-2-768x530.jpg 768w, https:\/\/ferbaglobal.com\/wp-content\/uploads\/2025\/01\/product-images-ferba-global-2-18x12.jpg 18w\" sizes=\"(max-width: 870px) 100vw, 870px\" \/>\t\t\t\t\t\t\t\t\t\t\t\t\t\t\t<\/div>\n\t\t\t\t<\/div>\n\t\t\t\t\t<\/div>\n\t\t\t\t<\/div>\n\t\t<div class=\"elementor-element elementor-element-1bf9fc5 e-flex e-con-boxed e-con e-parent\" data-id=\"1bf9fc5\" data-element_type=\"container\">\n\t\t\t\t\t<div class=\"e-con-inner\">\n\t\t\t\t<div class=\"elementor-element elementor-element-d64a5aa elementor-widget elementor-widget-heading\" data-id=\"d64a5aa\" data-element_type=\"widget\" data-widget_type=\"heading.default\">\n\t\t\t\t<div class=\"elementor-widget-container\">\n\t\t\t\t\t<h2 class=\"elementor-heading-title elementor-size-default\">Ferba Global ile Bu\u011fday Tedariki \u2013 Esnek Teslimat Ko\u015fullar\u0131<\/h2>\t\t\t\t<\/div>\n\t\t\t\t<\/div>\n\t\t\t\t<div class=\"elementor-element elementor-element-ce2ee2c elementor-widget elementor-widget-text-editor\" data-id=\"ce2ee2c\" data-element_type=\"widget\" data-widget_type=\"text-editor.default\">\n\t\t\t\t<div class=\"elementor-widget-container\">\n\t\t\t\t\t\t\t\t\t<p>Ferba Global, tar\u0131m, g\u0131da ve sanayi sekt\u00f6rleri i\u00e7in y\u00fcksek kaliteli bu\u011fday tedarikinde uzmanla\u015fm\u0131\u015ft\u0131r. G\u00fcvenilir ve zaman\u0131nda teslimatlar\u0131m\u0131z, i\u015f ihtiya\u00e7lar\u0131n\u0131za g\u00f6re uyarlanm\u0131\u015ft\u0131r.<\/p>\t\t\t\t\t\t\t\t<\/div>\n\t\t\t\t<\/div>\n\t\t\t\t<div class=\"elementor-element elementor-element-546831a elementor-widget elementor-widget-text-editor\" data-id=\"546831a\" data-element_type=\"widget\" data-widget_type=\"text-editor.default\">\n\t\t\t\t<div class=\"elementor-widget-container\">\n\t\t\t\t\t\t\t\t\t<h4>Kalite ve Uluslararas\u0131 Standartlar<\/h4><p>G\u00fcvenilir \u00fcreticilerle \u00e7al\u0131\u015farak, nem, safl\u0131k ve besin de\u011feri a\u00e7\u0131s\u0131ndan en uygun bu\u011fday\u0131 tedarik ediyoruz. T\u00fcm \u00fcr\u00fcnlerimiz s\u0131k\u0131 kalite kontrollerinden ge\u00e7mekte olup uluslararas\u0131 g\u00fcvenlik standartlar\u0131na uygundur.<\/p>\t\t\t\t\t\t\t\t<\/div>\n\t\t\t\t<\/div>\n\t\t\t\t<div class=\"elementor-element elementor-element-c8e33a1 elementor-widget elementor-widget-heading\" data-id=\"c8e33a1\" data-element_type=\"widget\" data-widget_type=\"heading.default\">\n\t\t\t\t<div class=\"elementor-widget-container\">\n\t\t\t\t\t<h2 class=\"elementor-heading-title elementor-size-default\">Esnek Teslimat Ko\u015fullar\u0131 \u2013 FOB, CIF ve Daha Fazlas\u0131<\/h2>\t\t\t\t<\/div>\n\t\t\t\t<\/div>\n\t\t\t\t\t<\/div>\n\t\t\t\t<\/div>\n\t\t<div class=\"elementor-element elementor-element-933daa7 e-flex e-con-boxed e-con e-parent\" data-id=\"933daa7\" data-element_type=\"container\">\n\t\t\t\t\t<div class=\"e-con-inner\">\n\t\t<div class=\"elementor-element elementor-element-9b5e892 e-con-full e-flex e-con e-child\" data-id=\"9b5e892\" data-element_type=\"container\">\n\t\t\t\t<div class=\"elementor-element elementor-element-8c6e76a elementor-widget elementor-widget-image\" data-id=\"8c6e76a\" data-element_type=\"widget\" data-widget_type=\"image.default\">\n\t\t\t\t<div class=\"elementor-widget-container\">\n\t\t\t\t\t\t\t\t\t\t\t\t\t\t\t<img decoding=\"async\" width=\"870\" height=\"600\" src=\"https:\/\/ferbaglobal.com\/wp-content\/uploads\/2025\/01\/product-images-ferba-global-1.jpg\" class=\"attachment-large size-large wp-image-44864\" alt=\"\" srcset=\"https:\/\/ferbaglobal.com\/wp-content\/uploads\/2025\/01\/product-images-ferba-global-1.jpg 870w, https:\/\/ferbaglobal.com\/wp-content\/uploads\/2025\/01\/product-images-ferba-global-1-768x530.jpg 768w, https:\/\/ferbaglobal.com\/wp-content\/uploads\/2025\/01\/product-images-ferba-global-1-18x12.jpg 18w\" sizes=\"(max-width: 870px) 100vw, 870px\" \/>\t\t\t\t\t\t\t\t\t\t\t\t\t\t\t<\/div>\n\t\t\t\t<\/div>\n\t\t\t\t<\/div>\n\t\t<div class=\"elementor-element elementor-element-5a3d669 e-con-full e-flex e-con e-child\" data-id=\"5a3d669\" data-element_type=\"container\">\n\t\t\t\t<div class=\"elementor-element elementor-element-d29be3c elementor-widget elementor-widget-image\" data-id=\"d29be3c\" data-element_type=\"widget\" data-widget_type=\"image.default\">\n\t\t\t\t<div class=\"elementor-widget-container\">\n\t\t\t\t\t\t\t\t\t\t\t\t\t\t\t<img decoding=\"async\" width=\"870\" height=\"600\" src=\"https:\/\/ferbaglobal.com\/wp-content\/uploads\/2025\/01\/product-images-ferba-global-3.jpg\" class=\"attachment-large size-large wp-image-44866\" alt=\"\" srcset=\"https:\/\/ferbaglobal.com\/wp-content\/uploads\/2025\/01\/product-images-ferba-global-3.jpg 870w, https:\/\/ferbaglobal.com\/wp-content\/uploads\/2025\/01\/product-images-ferba-global-3-768x530.jpg 768w, https:\/\/ferbaglobal.com\/wp-content\/uploads\/2025\/01\/product-images-ferba-global-3-18x12.jpg 18w\" sizes=\"(max-width: 870px) 100vw, 870px\" \/>\t\t\t\t\t\t\t\t\t\t\t\t\t\t\t<\/div>\n\t\t\t\t<\/div>\n\t\t\t\t<\/div>\n\t\t\t\t\t<\/div>\n\t\t\t\t<\/div>\n\t\t<div class=\"elementor-element elementor-element-c4eb490 e-flex e-con-boxed e-con e-parent\" data-id=\"c4eb490\" data-element_type=\"container\">\n\t\t\t\t\t<div class=\"e-con-inner\">\n\t\t\t\t<div class=\"elementor-element elementor-element-e43688f elementor-widget elementor-widget-text-editor\" data-id=\"e43688f\" data-element_type=\"widget\" data-widget_type=\"text-editor.default\">\n\t\t\t\t<div class=\"elementor-widget-container\">\n\t\t\t\t\t\t\t\t\t<h5>\u0130htiya\u00e7lar\u0131n\u0131za g\u00f6re esnek ve \u015feffaf teslimat ko\u015fullar\u0131 sunuyoruz:<\/h5><p>FOB (Free on Board) \u2013 Mallar, sevkiyat liman\u0131nda y\u00fcklenip sorumluluk al\u0131c\u0131ya devredilir.<br \/>CIF (Cost, Insurance, and Freight) \u2013 Nakliye, sigorta ve ta\u015f\u0131ma maliyetlerini biz \u00fcstleniyoruz.<br \/>DAP, DDP ve di\u011fer se\u00e7enekler \u2013 Teslimat lokasyonunuza g\u00f6re \u00f6zelle\u015ftirilmi\u015f lojistik \u00e7\u00f6z\u00fcmler.<br \/>Neden Ferba Global?<br \/>\u2705 Garanti Edilmi\u015f Kalite \u2013 \u00dcretimden teslimata kadar s\u0131k\u0131 kalite kontrol\u00fc.<br \/>\u2705 Esnek Teslimat Ko\u015fullar\u0131 \u2013 Incoterms 2020\u2019ye g\u00f6re (FOB, CIF, DAP vb.) g\u00f6nderim.<br \/>\u2705 Rekabet\u00e7i Fiyatlar \u2013 B\u00fcy\u00fck ve orta \u00f6l\u00e7ekli sipari\u015fler i\u00e7in en iyi maliyetler.<br \/>\u2705 G\u00fcvenilir Tedarik\u00e7iler \u2013 Do\u011frudan \u00fcreticilerle anla\u015fmalar.<br \/>\u2705 H\u0131zl\u0131 Lojistik \u2013 Kesintisiz tedarik i\u00e7in etkin sevkiyat planlamas\u0131.<\/p>\t\t\t\t\t\t\t\t<\/div>\n\t\t\t\t<\/div>\n\t\t\t\t\t<\/div>\n\t\t\t\t<\/div>\n\t\t<div class=\"elementor-element elementor-element-6e46d27 e-flex e-con-boxed e-con e-parent\" data-id=\"6e46d27\" data-element_type=\"container\">\n\t\t\t\t\t<div class=\"e-con-inner\">\n\t\t\t\t<div class=\"elementor-element elementor-element-206ca8f elementor-widget elementor-widget-text-editor\" data-id=\"206ca8f\" data-element_type=\"widget\" data-widget_type=\"text-editor.default\">\n\t\t\t\t<div class=\"elementor-widget-container\">\n\t\t\t\t\t\t\t\t\t<h6>Ferba Global olarak, bu\u011fday tedarikinde g\u00fcvenilir i\u015f orta\u011f\u0131n\u0131z olmaktan gurur duyuyoruz. Bize ula\u015farak ki\u015fiselle\u015ftirilmi\u015f teklif alabilirsiniz!<br \/>Bize ula\u015farak ki\u015fiselle\u015ftirilmi\u015f teklif alabilir ve i\u015f birli\u011fi ko\u015fullar\u0131n\u0131 g\u00f6r\u00fc\u015febilirsiniz!<\/h6>\t\t\t\t\t\t\t\t<\/div>\n\t\t\t\t<\/div>\n\t\t\t\t\t<\/div>\n\t\t\t\t<\/div>\n\t\t\t\t<\/div>","protected":false},"excerpt":{"rendered":"<p>Ferba Global \u2013 Reliable Wheat Supply with Flexible Delivery Terms Ferba Global specializes in supplying high-quality wheat for agricultural, food, and industrial applications. We ensure reliable and..<\/p>","protected":false},"author":1,"featured_media":0,"parent":0,"menu_order":0,"comment_status":"closed","ping_status":"closed","template":"","meta":{"footnotes":""},"class_list":["post-44714","page","type-page","status-publish","hentry"],"_links":{"self":[{"href":"https:\/\/ferbaglobal.com\/tr\/wp-json\/wp\/v2\/pages\/44714","targetHints":{"allow":["GET"]}}],"collection":[{"href":"https:\/\/ferbaglobal.com\/tr\/wp-json\/wp\/v2\/pages"}],"about":[{"href":"https:\/\/ferbaglobal.com\/tr\/wp-json\/wp\/v2\/types\/page"}],"author":[{"embeddable":true,"href":"https:\/\/ferbaglobal.com\/tr\/wp-json\/wp\/v2\/users\/1"}],"replies":[{"embeddable":true,"href":"https:\/\/ferbaglobal.com\/tr\/wp-json\/wp\/v2\/comments?post=44714"}],"version-history":[{"count":53,"href":"https:\/\/ferbaglobal.com\/tr\/wp-json\/wp\/v2\/pages\/44714\/revisions"}],"predecessor-version":[{"id":45631,"href":"https:\/\/ferbaglobal.com\/tr\/wp-json\/wp\/v2\/pages\/44714\/revisions\/45631"}],"wp:attachment":[{"href":"https:\/\/ferbaglobal.com\/tr\/wp-json\/wp\/v2\/media?parent=44714"}],"curies":[{"name":"wp","href":"https:\/\/api.w.org\/{rel}","templated":true}]}}