{"id":44716,"date":"2025-01-08T13:30:56","date_gmt":"2025-01-08T13:30:56","guid":{"rendered":"https:\/\/ferbaglobal.com\/?page_id=44716"},"modified":"2025-03-16T20:05:44","modified_gmt":"2025-03-16T20:05:44","slug":"npk","status":"publish","type":"page","link":"https:\/\/ferbaglobal.com\/tr\/npk\/","title":{"rendered":"NPK"},"content":{"rendered":"<div data-elementor-type=\"wp-page\" data-elementor-id=\"44716\" class=\"elementor elementor-44716\">\n\t\t\t\t<div class=\"elementor-element elementor-element-f2fdb0f e-flex e-con-boxed e-con e-parent\" data-id=\"f2fdb0f\" data-element_type=\"container\">\n\t\t\t\t\t<div class=\"e-con-inner\">\n\t\t\t\t<div class=\"elementor-element elementor-element-202456b elementor-widget elementor-widget-image\" data-id=\"202456b\" data-element_type=\"widget\" data-widget_type=\"image.default\">\n\t\t\t\t<div class=\"elementor-widget-container\">\n\t\t\t\t\t\t\t\t\t\t\t\t\t\t\t<img fetchpriority=\"high\" decoding=\"async\" width=\"870\" height=\"600\" src=\"https:\/\/ferbaglobal.com\/wp-content\/uploads\/2025\/01\/npk-images-ferbaglobal-images-1.jpg\" class=\"attachment-large size-large wp-image-44918\" alt=\"\" srcset=\"https:\/\/ferbaglobal.com\/wp-content\/uploads\/2025\/01\/npk-images-ferbaglobal-images-1.jpg 870w, https:\/\/ferbaglobal.com\/wp-content\/uploads\/2025\/01\/npk-images-ferbaglobal-images-1-768x530.jpg 768w, https:\/\/ferbaglobal.com\/wp-content\/uploads\/2025\/01\/npk-images-ferbaglobal-images-1-18x12.jpg 18w\" sizes=\"(max-width: 870px) 100vw, 870px\" \/>\t\t\t\t\t\t\t\t\t\t\t\t\t\t\t<\/div>\n\t\t\t\t<\/div>\n\t\t\t\t\t<\/div>\n\t\t\t\t<\/div>\n\t\t<div class=\"elementor-element elementor-element-1bf9fc5 e-flex e-con-boxed e-con e-parent\" data-id=\"1bf9fc5\" data-element_type=\"container\">\n\t\t\t\t\t<div class=\"e-con-inner\">\n\t\t\t\t<div class=\"elementor-element elementor-element-d64a5aa elementor-widget elementor-widget-heading\" data-id=\"d64a5aa\" data-element_type=\"widget\" data-widget_type=\"heading.default\">\n\t\t\t\t<div class=\"elementor-widget-container\">\n\t\t\t\t\t<h2 class=\"elementor-heading-title elementor-size-default\">Dengeli Beslenme \u0130\u00e7in Y\u00fcksek Kaliteli NPK G\u00fcbreleri<\/h2>\t\t\t\t<\/div>\n\t\t\t\t<\/div>\n\t\t\t\t<div class=\"elementor-element elementor-element-ce2ee2c elementor-widget elementor-widget-text-editor\" data-id=\"ce2ee2c\" data-element_type=\"widget\" data-widget_type=\"text-editor.default\">\n\t\t\t\t<div class=\"elementor-widget-container\">\n\t\t\t\t\t\t\t\t\t<p>Ferba Global, bitkiler i\u00e7in tam besin kayna\u011f\u0131 sa\u011flayan NPK g\u00fcbreleri sunmaktad\u0131r. Azot (N), fosfor (P) ve potasyum (K) i\u00e7eren bu g\u00fcbreler, tar\u0131m verimlili\u011fini art\u0131rarak sa\u011fl\u0131kl\u0131 b\u00fcy\u00fcmeyi destekler.<\/p>\t\t\t\t\t\t\t\t<\/div>\n\t\t\t\t<\/div>\n\t\t\t\t<div class=\"elementor-element elementor-element-c8e33a1 elementor-widget elementor-widget-heading\" data-id=\"c8e33a1\" data-element_type=\"widget\" data-widget_type=\"heading.default\">\n\t\t\t\t<div class=\"elementor-widget-container\">\n\t\t\t\t\t<h2 class=\"elementor-heading-title elementor-size-default\">NPK G\u00fcbrelerinin Avantajlar\u0131<\/h2>\t\t\t\t<\/div>\n\t\t\t\t<\/div>\n\t\t\t\t\t<\/div>\n\t\t\t\t<\/div>\n\t\t<div class=\"elementor-element elementor-element-933daa7 e-flex e-con-boxed e-con e-parent\" data-id=\"933daa7\" data-element_type=\"container\">\n\t\t\t\t\t<div class=\"e-con-inner\">\n\t\t<div class=\"elementor-element elementor-element-9b5e892 e-con-full e-flex e-con e-child\" data-id=\"9b5e892\" data-element_type=\"container\">\n\t\t\t\t<div class=\"elementor-element elementor-element-8c6e76a elementor-widget elementor-widget-image\" data-id=\"8c6e76a\" data-element_type=\"widget\" data-widget_type=\"image.default\">\n\t\t\t\t<div class=\"elementor-widget-container\">\n\t\t\t\t\t\t\t\t\t\t\t\t\t\t\t<img decoding=\"async\" width=\"870\" height=\"600\" src=\"https:\/\/ferbaglobal.com\/wp-content\/uploads\/2025\/01\/npk-images-ferbaglobal-images-3.jpg\" class=\"attachment-large size-large wp-image-44920\" alt=\"\" srcset=\"https:\/\/ferbaglobal.com\/wp-content\/uploads\/2025\/01\/npk-images-ferbaglobal-images-3.jpg 870w, https:\/\/ferbaglobal.com\/wp-content\/uploads\/2025\/01\/npk-images-ferbaglobal-images-3-768x530.jpg 768w, https:\/\/ferbaglobal.com\/wp-content\/uploads\/2025\/01\/npk-images-ferbaglobal-images-3-18x12.jpg 18w\" sizes=\"(max-width: 870px) 100vw, 870px\" \/>\t\t\t\t\t\t\t\t\t\t\t\t\t\t\t<\/div>\n\t\t\t\t<\/div>\n\t\t\t\t<\/div>\n\t\t<div class=\"elementor-element elementor-element-5a3d669 e-con-full e-flex e-con e-child\" data-id=\"5a3d669\" data-element_type=\"container\">\n\t\t\t\t<div class=\"elementor-element elementor-element-d29be3c elementor-widget elementor-widget-image\" data-id=\"d29be3c\" data-element_type=\"widget\" data-widget_type=\"image.default\">\n\t\t\t\t<div class=\"elementor-widget-container\">\n\t\t\t\t\t\t\t\t\t\t\t\t\t\t\t<img decoding=\"async\" width=\"870\" height=\"600\" src=\"https:\/\/ferbaglobal.com\/wp-content\/uploads\/2025\/01\/npk-images-ferbaglobal-images-2.jpg\" class=\"attachment-large size-large wp-image-44919\" alt=\"\" srcset=\"https:\/\/ferbaglobal.com\/wp-content\/uploads\/2025\/01\/npk-images-ferbaglobal-images-2.jpg 870w, https:\/\/ferbaglobal.com\/wp-content\/uploads\/2025\/01\/npk-images-ferbaglobal-images-2-768x530.jpg 768w, https:\/\/ferbaglobal.com\/wp-content\/uploads\/2025\/01\/npk-images-ferbaglobal-images-2-18x12.jpg 18w\" sizes=\"(max-width: 870px) 100vw, 870px\" \/>\t\t\t\t\t\t\t\t\t\t\t\t\t\t\t<\/div>\n\t\t\t\t<\/div>\n\t\t\t\t<\/div>\n\t\t\t\t\t<\/div>\n\t\t\t\t<\/div>\n\t\t<div class=\"elementor-element elementor-element-c4eb490 e-flex e-con-boxed e-con e-parent\" data-id=\"c4eb490\" data-element_type=\"container\">\n\t\t\t\t\t<div class=\"e-con-inner\">\n\t\t\t\t<div class=\"elementor-element elementor-element-e43688f elementor-widget elementor-widget-text-editor\" data-id=\"e43688f\" data-element_type=\"widget\" data-widget_type=\"text-editor.default\">\n\t\t\t\t<div class=\"elementor-widget-container\">\n\t\t\t\t\t\t\t\t\t<p>\u2705 Tam Besin Dengesi \u2013 Bitki b\u00fcy\u00fcmesini h\u0131zland\u0131r\u0131r, k\u00f6k geli\u015fimini destekler ve hastal\u0131klara kar\u015f\u0131 dayan\u0131kl\u0131l\u0131\u011f\u0131 art\u0131r\u0131r.<br \/>\u2705 Geni\u015f Kullan\u0131m Alan\u0131 \u2013 Tar\u0131m, serac\u0131l\u0131k ve bah\u00e7ecilik i\u00e7in uygundur.<br \/>\u2705 Toprak Yap\u0131s\u0131n\u0131 \u0130yile\u015ftirir \u2013 Topra\u011f\u0131n su tutma kapasitesini art\u0131rarak besin maddelerini korur.<br \/>\u2705 Ekonomik \u00c7\u00f6z\u00fcm \u2013 Y\u00fcksek besin konsantrasyonu sayesinde az miktarla b\u00fcy\u00fck verim sa\u011flar.<\/p><p>Ferba Global, FOB, CIF, DAP, DDP gibi esnek teslimat se\u00e7enekleriyle hizmet vermektedir. \u00d6zel fiyat teklifleri i\u00e7in hemen bizimle ileti\u015fime ge\u00e7in.<\/p>\t\t\t\t\t\t\t\t<\/div>\n\t\t\t\t<\/div>\n\t\t\t\t\t<\/div>\n\t\t\t\t<\/div>\n\t\t\t\t<\/div>","protected":false},"excerpt":{"rendered":"<p>High-Quality NPK Fertilizers for Balanced Plant Nutrition Ferba Global provides NPK fertilizers designed to ensure complete plant nutrition and maximum crop yield. Our fertilizers contain nitrogen (N),..<\/p>","protected":false},"author":1,"featured_media":0,"parent":0,"menu_order":0,"comment_status":"closed","ping_status":"closed","template":"","meta":{"footnotes":""},"class_list":["post-44716","page","type-page","status-publish","hentry"],"_links":{"self":[{"href":"https:\/\/ferbaglobal.com\/tr\/wp-json\/wp\/v2\/pages\/44716","targetHints":{"allow":["GET"]}}],"collection":[{"href":"https:\/\/ferbaglobal.com\/tr\/wp-json\/wp\/v2\/pages"}],"about":[{"href":"https:\/\/ferbaglobal.com\/tr\/wp-json\/wp\/v2\/types\/page"}],"author":[{"embeddable":true,"href":"https:\/\/ferbaglobal.com\/tr\/wp-json\/wp\/v2\/users\/1"}],"replies":[{"embeddable":true,"href":"https:\/\/ferbaglobal.com\/tr\/wp-json\/wp\/v2\/comments?post=44716"}],"version-history":[{"count":22,"href":"https:\/\/ferbaglobal.com\/tr\/wp-json\/wp\/v2\/pages\/44716\/revisions"}],"predecessor-version":[{"id":45663,"href":"https:\/\/ferbaglobal.com\/tr\/wp-json\/wp\/v2\/pages\/44716\/revisions\/45663"}],"wp:attachment":[{"href":"https:\/\/ferbaglobal.com\/tr\/wp-json\/wp\/v2\/media?parent=44716"}],"curies":[{"name":"wp","href":"https:\/\/api.w.org\/{rel}","templated":true}]}}