{"id":44717,"date":"2025-01-08T13:30:56","date_gmt":"2025-01-08T13:30:56","guid":{"rendered":"https:\/\/ferbaglobal.com\/?page_id=44717"},"modified":"2025-03-16T19:45:31","modified_gmt":"2025-03-16T19:45:31","slug":"map","status":"publish","type":"page","link":"https:\/\/ferbaglobal.com\/tr\/map\/","title":{"rendered":"MAP"},"content":{"rendered":"<div data-elementor-type=\"wp-page\" data-elementor-id=\"44717\" class=\"elementor elementor-44717\">\n\t\t\t\t<div class=\"elementor-element elementor-element-f2fdb0f e-flex e-con-boxed e-con e-parent\" data-id=\"f2fdb0f\" data-element_type=\"container\">\n\t\t\t\t\t<div class=\"e-con-inner\">\n\t\t\t\t<div class=\"elementor-element elementor-element-202456b elementor-widget elementor-widget-image\" data-id=\"202456b\" data-element_type=\"widget\" data-widget_type=\"image.default\">\n\t\t\t\t<div class=\"elementor-widget-container\">\n\t\t\t\t\t\t\t\t\t\t\t\t\t\t\t<img fetchpriority=\"high\" decoding=\"async\" width=\"870\" height=\"600\" src=\"https:\/\/ferbaglobal.com\/wp-content\/uploads\/2025\/01\/map-images-ferbaglobal-images-2.jpg\" class=\"attachment-large size-large wp-image-44916\" alt=\"\" srcset=\"https:\/\/ferbaglobal.com\/wp-content\/uploads\/2025\/01\/map-images-ferbaglobal-images-2.jpg 870w, https:\/\/ferbaglobal.com\/wp-content\/uploads\/2025\/01\/map-images-ferbaglobal-images-2-768x530.jpg 768w, https:\/\/ferbaglobal.com\/wp-content\/uploads\/2025\/01\/map-images-ferbaglobal-images-2-18x12.jpg 18w\" sizes=\"(max-width: 870px) 100vw, 870px\" \/>\t\t\t\t\t\t\t\t\t\t\t\t\t\t\t<\/div>\n\t\t\t\t<\/div>\n\t\t\t\t\t<\/div>\n\t\t\t\t<\/div>\n\t\t<div class=\"elementor-element elementor-element-1bf9fc5 e-flex e-con-boxed e-con e-parent\" data-id=\"1bf9fc5\" data-element_type=\"container\">\n\t\t\t\t\t<div class=\"e-con-inner\">\n\t\t\t\t<div class=\"elementor-element elementor-element-d64a5aa elementor-widget elementor-widget-heading\" data-id=\"d64a5aa\" data-element_type=\"widget\" data-widget_type=\"heading.default\">\n\t\t\t\t<div class=\"elementor-widget-container\">\n\t\t\t\t\t<h2 class=\"elementor-heading-title elementor-size-default\">Y\u00fcksek Kaliteli MAP G\u00fcbresi \u2013 Verimli Tar\u0131m \u0130\u00e7in G\u00fcvenilir Se\u00e7im<\/h2>\t\t\t\t<\/div>\n\t\t\t\t<\/div>\n\t\t\t\t<div class=\"elementor-element elementor-element-ce2ee2c elementor-widget elementor-widget-text-editor\" data-id=\"ce2ee2c\" data-element_type=\"widget\" data-widget_type=\"text-editor.default\">\n\t\t\t\t<div class=\"elementor-widget-container\">\n\t\t\t\t\t\t\t\t\t<p>Ferba Global, bitkilerin sa\u011fl\u0131kl\u0131 geli\u015fimi i\u00e7in gerekli olan fosfor (P) ve azot (N) i\u00e7eren MAP (Monoamonyum Fosfat) g\u00fcbresi tedarik etmektedir. Y\u00fcksek verimli bu g\u00fcbre, k\u00f6k b\u00fcy\u00fcmesini destekleyerek mahsul verimini art\u0131r\u0131r.\u00a0<\/p>\t\t\t\t\t\t\t\t<\/div>\n\t\t\t\t<\/div>\n\t\t\t\t<div class=\"elementor-element elementor-element-c8e33a1 elementor-widget elementor-widget-heading\" data-id=\"c8e33a1\" data-element_type=\"widget\" data-widget_type=\"heading.default\">\n\t\t\t\t<div class=\"elementor-widget-container\">\n\t\t\t\t\t<h2 class=\"elementor-heading-title elementor-size-default\">MAP G\u00fcbresinin Avantajlar\u0131<\/h2>\t\t\t\t<\/div>\n\t\t\t\t<\/div>\n\t\t\t\t\t<\/div>\n\t\t\t\t<\/div>\n\t\t<div class=\"elementor-element elementor-element-933daa7 e-flex e-con-boxed e-con e-parent\" data-id=\"933daa7\" data-element_type=\"container\">\n\t\t\t\t\t<div class=\"e-con-inner\">\n\t\t<div class=\"elementor-element elementor-element-9b5e892 e-con-full e-flex e-con e-child\" data-id=\"9b5e892\" data-element_type=\"container\">\n\t\t\t\t<div class=\"elementor-element elementor-element-8c6e76a elementor-widget elementor-widget-image\" data-id=\"8c6e76a\" data-element_type=\"widget\" data-widget_type=\"image.default\">\n\t\t\t\t<div class=\"elementor-widget-container\">\n\t\t\t\t\t\t\t\t\t\t\t\t\t\t\t<img decoding=\"async\" width=\"870\" height=\"600\" src=\"https:\/\/ferbaglobal.com\/wp-content\/uploads\/2025\/01\/map-images-ferbaglobal-images-3.jpg\" class=\"attachment-large size-large wp-image-44917\" alt=\"\" srcset=\"https:\/\/ferbaglobal.com\/wp-content\/uploads\/2025\/01\/map-images-ferbaglobal-images-3.jpg 870w, https:\/\/ferbaglobal.com\/wp-content\/uploads\/2025\/01\/map-images-ferbaglobal-images-3-768x530.jpg 768w, https:\/\/ferbaglobal.com\/wp-content\/uploads\/2025\/01\/map-images-ferbaglobal-images-3-18x12.jpg 18w\" sizes=\"(max-width: 870px) 100vw, 870px\" \/>\t\t\t\t\t\t\t\t\t\t\t\t\t\t\t<\/div>\n\t\t\t\t<\/div>\n\t\t\t\t<\/div>\n\t\t<div class=\"elementor-element elementor-element-5a3d669 e-con-full e-flex e-con e-child\" data-id=\"5a3d669\" data-element_type=\"container\">\n\t\t\t\t<div class=\"elementor-element elementor-element-d29be3c elementor-widget elementor-widget-image\" data-id=\"d29be3c\" data-element_type=\"widget\" data-widget_type=\"image.default\">\n\t\t\t\t<div class=\"elementor-widget-container\">\n\t\t\t\t\t\t\t\t\t\t\t\t\t\t\t<img fetchpriority=\"high\" decoding=\"async\" width=\"870\" height=\"600\" src=\"https:\/\/ferbaglobal.com\/wp-content\/uploads\/2025\/01\/map-images-ferbaglobal-images-2.jpg\" class=\"attachment-large size-large wp-image-44916\" alt=\"\" srcset=\"https:\/\/ferbaglobal.com\/wp-content\/uploads\/2025\/01\/map-images-ferbaglobal-images-2.jpg 870w, https:\/\/ferbaglobal.com\/wp-content\/uploads\/2025\/01\/map-images-ferbaglobal-images-2-768x530.jpg 768w, https:\/\/ferbaglobal.com\/wp-content\/uploads\/2025\/01\/map-images-ferbaglobal-images-2-18x12.jpg 18w\" sizes=\"(max-width: 870px) 100vw, 870px\" \/>\t\t\t\t\t\t\t\t\t\t\t\t\t\t\t<\/div>\n\t\t\t\t<\/div>\n\t\t\t\t<\/div>\n\t\t\t\t\t<\/div>\n\t\t\t\t<\/div>\n\t\t<div class=\"elementor-element elementor-element-c4eb490 e-flex e-con-boxed e-con e-parent\" data-id=\"c4eb490\" data-element_type=\"container\">\n\t\t\t\t\t<div class=\"e-con-inner\">\n\t\t\t\t<div class=\"elementor-element elementor-element-e43688f elementor-widget elementor-widget-text-editor\" data-id=\"e43688f\" data-element_type=\"widget\" data-widget_type=\"text-editor.default\">\n\t\t\t\t<div class=\"elementor-widget-container\">\n\t\t\t\t\t\t\t\t\t<p>\u2705 Y\u00fcksek Fosfor \u0130\u00e7eri\u011fi (P\u2082O\u2085) \u2013 K\u00f6klenmeyi ve erken geli\u015fimi te\u015fvik eder.<br \/>\u2705 Azot Takviyesi (N) \u2013 Bitkilerin g\u00fc\u00e7l\u00fc b\u00fcy\u00fcmesini destekler.<br \/>\u2705 Suda H\u0131zl\u0131 \u00c7\u00f6z\u00fcn\u00fcrl\u00fck \u2013 Besin maddelerinin h\u0131zla emilmesini sa\u011flar.<br \/>\u2705 Geni\u015f Kullan\u0131m Alan\u0131 \u2013 Tah\u0131llar, sebzeler, ya\u011fl\u0131 tohumlar ve meyve a\u011fa\u00e7lar\u0131 i\u00e7in uygundur.<\/p><p>Ferba Global olarak, FOB, CIF, DAP, DDP gibi esnek teslimat se\u00e7enekleri sunuyoruz. Hemen bizimle ileti\u015fime ge\u00e7in ve \u00f6zel fiyat teklifinizi al\u0131n!<\/p>\t\t\t\t\t\t\t\t<\/div>\n\t\t\t\t<\/div>\n\t\t\t\t\t<\/div>\n\t\t\t\t<\/div>\n\t\t\t\t<\/div>","protected":false},"excerpt":{"rendered":"<p>High-Quality MAP Fertilizer \u2013 A Reliable Choice for Agriculture Ferba Global supplies Monoammonium Phosphate (MAP) fertilizer, a premium source of Phosphorus (P) and Nitrogen (N) essential for..<\/p>","protected":false},"author":1,"featured_media":0,"parent":0,"menu_order":0,"comment_status":"closed","ping_status":"closed","template":"","meta":{"footnotes":""},"class_list":["post-44717","page","type-page","status-publish","hentry"],"_links":{"self":[{"href":"https:\/\/ferbaglobal.com\/tr\/wp-json\/wp\/v2\/pages\/44717","targetHints":{"allow":["GET"]}}],"collection":[{"href":"https:\/\/ferbaglobal.com\/tr\/wp-json\/wp\/v2\/pages"}],"about":[{"href":"https:\/\/ferbaglobal.com\/tr\/wp-json\/wp\/v2\/types\/page"}],"author":[{"embeddable":true,"href":"https:\/\/ferbaglobal.com\/tr\/wp-json\/wp\/v2\/users\/1"}],"replies":[{"embeddable":true,"href":"https:\/\/ferbaglobal.com\/tr\/wp-json\/wp\/v2\/comments?post=44717"}],"version-history":[{"count":25,"href":"https:\/\/ferbaglobal.com\/tr\/wp-json\/wp\/v2\/pages\/44717\/revisions"}],"predecessor-version":[{"id":45637,"href":"https:\/\/ferbaglobal.com\/tr\/wp-json\/wp\/v2\/pages\/44717\/revisions\/45637"}],"wp:attachment":[{"href":"https:\/\/ferbaglobal.com\/tr\/wp-json\/wp\/v2\/media?parent=44717"}],"curies":[{"name":"wp","href":"https:\/\/api.w.org\/{rel}","templated":true}]}}