{"id":44719,"date":"2025-01-08T13:30:56","date_gmt":"2025-01-08T13:30:56","guid":{"rendered":"https:\/\/ferbaglobal.com\/?page_id=44719"},"modified":"2025-03-07T17:24:38","modified_gmt":"2025-03-07T17:24:38","slug":"dap","status":"publish","type":"page","link":"https:\/\/ferbaglobal.com\/tr\/dap\/","title":{"rendered":"DAP"},"content":{"rendered":"<div data-elementor-type=\"wp-page\" data-elementor-id=\"44719\" class=\"elementor elementor-44719\">\n\t\t\t\t<div class=\"elementor-element elementor-element-f2fdb0f e-flex e-con-boxed e-con e-parent\" data-id=\"f2fdb0f\" data-element_type=\"container\">\n\t\t\t\t\t<div class=\"e-con-inner\">\n\t\t\t\t<div class=\"elementor-element elementor-element-202456b elementor-widget elementor-widget-image\" data-id=\"202456b\" data-element_type=\"widget\" data-widget_type=\"image.default\">\n\t\t\t\t<div class=\"elementor-widget-container\">\n\t\t\t\t\t\t\t\t\t\t\t\t\t\t\t<img fetchpriority=\"high\" decoding=\"async\" width=\"870\" height=\"600\" src=\"https:\/\/ferbaglobal.com\/wp-content\/uploads\/2025\/01\/DAP-ferba-global-images-2.jpg\" class=\"attachment-large size-large wp-image-44913\" alt=\"\" srcset=\"https:\/\/ferbaglobal.com\/wp-content\/uploads\/2025\/01\/DAP-ferba-global-images-2.jpg 870w, https:\/\/ferbaglobal.com\/wp-content\/uploads\/2025\/01\/DAP-ferba-global-images-2-768x530.jpg 768w, https:\/\/ferbaglobal.com\/wp-content\/uploads\/2025\/01\/DAP-ferba-global-images-2-18x12.jpg 18w\" sizes=\"(max-width: 870px) 100vw, 870px\" \/>\t\t\t\t\t\t\t\t\t\t\t\t\t\t\t<\/div>\n\t\t\t\t<\/div>\n\t\t\t\t\t<\/div>\n\t\t\t\t<\/div>\n\t\t<div class=\"elementor-element elementor-element-1bf9fc5 e-flex e-con-boxed e-con e-parent\" data-id=\"1bf9fc5\" data-element_type=\"container\">\n\t\t\t\t\t<div class=\"e-con-inner\">\n\t\t\t\t<div class=\"elementor-element elementor-element-d64a5aa elementor-widget elementor-widget-heading\" data-id=\"d64a5aa\" data-element_type=\"widget\" data-widget_type=\"heading.default\">\n\t\t\t\t<div class=\"elementor-widget-container\">\n\t\t\t\t\t<h2 class=\"elementor-heading-title elementor-size-default\">DAP G\u00fcbre Tedari\u011fi \u2013 Ferba Global ile G\u00fcvenilir \u00c7\u00f6z\u00fcmler<\/h2>\t\t\t\t<\/div>\n\t\t\t\t<\/div>\n\t\t\t\t<div class=\"elementor-element elementor-element-ce2ee2c elementor-widget elementor-widget-text-editor\" data-id=\"ce2ee2c\" data-element_type=\"widget\" data-widget_type=\"text-editor.default\">\n\t\t\t\t<div class=\"elementor-widget-container\">\n\t\t\t\t\t\t\t\t\t<p>Ferba Global, tar\u0131m sekt\u00f6r\u00fc i\u00e7in y\u00fcksek kaliteli DAP (Diamonyum Fosfat) g\u00fcbresi tedarik etmektedir. Bu, mahsul verimini art\u0131rmak i\u00e7in en etkili fosforlu g\u00fcbrelerden biridir. G\u00fcvenilir teslimat ve avantajl\u0131 i\u015f birli\u011fi ko\u015fullar\u0131 sunuyoruz.<\/p>\t\t\t\t\t\t\t\t<\/div>\n\t\t\t\t<\/div>\n\t\t\t\t<div class=\"elementor-element elementor-element-546831a elementor-widget elementor-widget-text-editor\" data-id=\"546831a\" data-element_type=\"widget\" data-widget_type=\"text-editor.default\">\n\t\t\t\t<div class=\"elementor-widget-container\">\n\t\t\t\t\t\t\t\t\t<h3>DAP G\u00fcbresi Nedir?<\/h3><p>DAP (Diamonyum Fosfat), azot (N) ve fosfor (P\u2082O\u2085) i\u00e7eren konsantre bir fosforlu azot g\u00fcbresidir. Toprak haz\u0131rl\u0131\u011f\u0131nda kullan\u0131ld\u0131\u011f\u0131nda bitkilere gerekli besinleri sa\u011flar ve sa\u011fl\u0131kl\u0131 b\u00fcy\u00fcmelerine katk\u0131da bulunur.<\/p><h5>DAP G\u00fcbresinin Avantajlar\u0131<\/h5><p>\u2705 Y\u00fcksek Besin Konsantrasyonu \u2013 Dengeli azot ve fosfor i\u00e7eri\u011fi bitki b\u00fcy\u00fcmesini destekler.<br \/>\u2705 Geni\u015f Kullan\u0131m Alan\u0131 \u2013 Tah\u0131llar, baklagiller, sebzeler ve meyve a\u011fa\u00e7lar\u0131 i\u00e7in uygundur.<br \/>\u2705 K\u00f6k Geli\u015fimini Destekler \u2013 Sa\u011fl\u0131kl\u0131 k\u00f6klenme ve bitki b\u00fcy\u00fcmesini te\u015fvik eder.<br \/>\u2705 Suda \u00c7\u00f6z\u00fcn\u00fcrl\u00fck \u2013 Bitkiler taraf\u0131ndan kolayca emilir ve farkl\u0131 sulama sistemleriyle uyumludur.<br \/>\u2705 Ekonomik \u2013 Y\u00fcksek konsantrasyonu sayesinde d\u00fc\u015f\u00fck miktarda kullan\u0131m yeterlidir.<br \/><br \/><\/p>\t\t\t\t\t\t\t\t<\/div>\n\t\t\t\t<\/div>\n\t\t\t\t<div class=\"elementor-element elementor-element-c8e33a1 elementor-widget elementor-widget-heading\" data-id=\"c8e33a1\" data-element_type=\"widget\" data-widget_type=\"heading.default\">\n\t\t\t\t<div class=\"elementor-widget-container\">\n\t\t\t\t\t<h2 class=\"elementor-heading-title elementor-size-default\">Esnek Teslimat Ko\u015fullar\u0131 \u2013 FOB, CIF ve Daha Fazlas\u0131\n\n<\/h2>\t\t\t\t<\/div>\n\t\t\t\t<\/div>\n\t\t\t\t\t<\/div>\n\t\t\t\t<\/div>\n\t\t<div class=\"elementor-element elementor-element-933daa7 e-flex e-con-boxed e-con e-parent\" data-id=\"933daa7\" data-element_type=\"container\">\n\t\t\t\t\t<div class=\"e-con-inner\">\n\t\t<div class=\"elementor-element elementor-element-9b5e892 e-con-full e-flex e-con e-child\" data-id=\"9b5e892\" data-element_type=\"container\">\n\t\t\t\t<div class=\"elementor-element elementor-element-8c6e76a elementor-widget elementor-widget-image\" data-id=\"8c6e76a\" data-element_type=\"widget\" data-widget_type=\"image.default\">\n\t\t\t\t<div class=\"elementor-widget-container\">\n\t\t\t\t\t\t\t\t\t\t\t\t\t\t\t<img decoding=\"async\" width=\"870\" height=\"600\" src=\"https:\/\/ferbaglobal.com\/wp-content\/uploads\/2025\/01\/DAP-ferba-global-images-1.jpg\" class=\"attachment-large size-large wp-image-44912\" alt=\"\" srcset=\"https:\/\/ferbaglobal.com\/wp-content\/uploads\/2025\/01\/DAP-ferba-global-images-1.jpg 870w, https:\/\/ferbaglobal.com\/wp-content\/uploads\/2025\/01\/DAP-ferba-global-images-1-768x530.jpg 768w, https:\/\/ferbaglobal.com\/wp-content\/uploads\/2025\/01\/DAP-ferba-global-images-1-18x12.jpg 18w\" sizes=\"(max-width: 870px) 100vw, 870px\" \/>\t\t\t\t\t\t\t\t\t\t\t\t\t\t\t<\/div>\n\t\t\t\t<\/div>\n\t\t\t\t<\/div>\n\t\t<div class=\"elementor-element elementor-element-5a3d669 e-con-full e-flex e-con e-child\" data-id=\"5a3d669\" data-element_type=\"container\">\n\t\t\t\t<div class=\"elementor-element elementor-element-d29be3c elementor-widget elementor-widget-image\" data-id=\"d29be3c\" data-element_type=\"widget\" data-widget_type=\"image.default\">\n\t\t\t\t<div class=\"elementor-widget-container\">\n\t\t\t\t\t\t\t\t\t\t\t\t\t\t\t<img decoding=\"async\" width=\"870\" height=\"600\" src=\"https:\/\/ferbaglobal.com\/wp-content\/uploads\/2025\/01\/DAP-ferba-global-images-3.jpg\" class=\"attachment-large size-large wp-image-44914\" alt=\"\" srcset=\"https:\/\/ferbaglobal.com\/wp-content\/uploads\/2025\/01\/DAP-ferba-global-images-3.jpg 870w, https:\/\/ferbaglobal.com\/wp-content\/uploads\/2025\/01\/DAP-ferba-global-images-3-768x530.jpg 768w, https:\/\/ferbaglobal.com\/wp-content\/uploads\/2025\/01\/DAP-ferba-global-images-3-18x12.jpg 18w\" sizes=\"(max-width: 870px) 100vw, 870px\" \/>\t\t\t\t\t\t\t\t\t\t\t\t\t\t\t<\/div>\n\t\t\t\t<\/div>\n\t\t\t\t<\/div>\n\t\t\t\t\t<\/div>\n\t\t\t\t<\/div>\n\t\t<div class=\"elementor-element elementor-element-c4eb490 e-flex e-con-boxed e-con e-parent\" data-id=\"c4eb490\" data-element_type=\"container\">\n\t\t\t\t\t<div class=\"e-con-inner\">\n\t\t\t\t<div class=\"elementor-element elementor-element-e43688f elementor-widget elementor-widget-text-editor\" data-id=\"e43688f\" data-element_type=\"widget\" data-widget_type=\"text-editor.default\">\n\t\t\t\t<div class=\"elementor-widget-container\">\n\t\t\t\t\t\t\t\t\t<h4>Ferba Global, DAP g\u00fcbresinin ihtiyac\u0131n\u0131za uygun teslimat se\u00e7eneklerini sunmaktad\u0131r:<\/h4><p>FOB (Free on Board) \u2013 Mal y\u00fckleme sonras\u0131 sorumluluk al\u0131c\u0131ya devredilir.<br \/>CIF (Cost, Insurance, and Freight) \u2013 Nakliye, sigorta ve ta\u015f\u0131ma maliyetlerini biz \u00fcstleniyoruz.<br \/>DAP, DDP ve di\u011fer se\u00e7enekler \u2013 Teslimat lokasyonunuza g\u00f6re \u00f6zelle\u015ftirilmi\u015f lojistik \u00e7\u00f6z\u00fcmler.<br \/>Neden Ferba Global?<br \/>\u2705 Y\u00fcksek Kalite Garantisi \u2013 DAP g\u00fcbremiz uluslararas\u0131 standartlara uygundur.<br \/>\u2705 Rekabet\u00e7i Fiyatlar \u2013 Toptan al\u0131mlar i\u00e7in en uygun fiyatlar.<br \/>\u2705 Esnek Teslimat Ko\u015fullar\u0131 \u2013 Incoterms 2020\u2019ye g\u00f6re (FOB, CIF, DAP vb.) g\u00f6nderim.<br \/>\u2705 G\u00fcvenilir Tedarik\u00e7iler \u2013 En iyi \u00fcreticilerle do\u011frudan s\u00f6zle\u015fmeler.<br \/>\u2705 H\u0131zl\u0131 Lojistik \u2013 Kesintisiz ve zaman\u0131nda teslimat.<\/p><p>E\u011fer DAP g\u00fcbresi i\u00e7in g\u00fcvenilir bir tedarik\u00e7iye ihtiyac\u0131n\u0131z varsa, bizimle hemen ileti\u015fime ge\u00e7in ve \u00f6zel teklifinizi al\u0131n!<\/p>\t\t\t\t\t\t\t\t<\/div>\n\t\t\t\t<\/div>\n\t\t\t\t\t<\/div>\n\t\t\t\t<\/div>\n\t\t\t\t<\/div>","protected":false},"excerpt":{"rendered":"<p>Ferba Global \u2013 Reliable DAP Fertilizer Supply Ferba Global supplies high-quality DAP (Diammonium Phosphate) fertilizer for agricultural use. This is one of the most effective phosphorus-based fertilizers,..<\/p>","protected":false},"author":1,"featured_media":0,"parent":0,"menu_order":0,"comment_status":"closed","ping_status":"closed","template":"","meta":{"footnotes":""},"class_list":["post-44719","page","type-page","status-publish","hentry"],"_links":{"self":[{"href":"https:\/\/ferbaglobal.com\/tr\/wp-json\/wp\/v2\/pages\/44719","targetHints":{"allow":["GET"]}}],"collection":[{"href":"https:\/\/ferbaglobal.com\/tr\/wp-json\/wp\/v2\/pages"}],"about":[{"href":"https:\/\/ferbaglobal.com\/tr\/wp-json\/wp\/v2\/types\/page"}],"author":[{"embeddable":true,"href":"https:\/\/ferbaglobal.com\/tr\/wp-json\/wp\/v2\/users\/1"}],"replies":[{"embeddable":true,"href":"https:\/\/ferbaglobal.com\/tr\/wp-json\/wp\/v2\/comments?post=44719"}],"version-history":[{"count":28,"href":"https:\/\/ferbaglobal.com\/tr\/wp-json\/wp\/v2\/pages\/44719\/revisions"}],"predecessor-version":[{"id":45375,"href":"https:\/\/ferbaglobal.com\/tr\/wp-json\/wp\/v2\/pages\/44719\/revisions\/45375"}],"wp:attachment":[{"href":"https:\/\/ferbaglobal.com\/tr\/wp-json\/wp\/v2\/media?parent=44719"}],"curies":[{"name":"wp","href":"https:\/\/api.w.org\/{rel}","templated":true}]}}