{"id":44729,"date":"2025-01-08T13:32:24","date_gmt":"2025-01-08T13:32:24","guid":{"rendered":"https:\/\/ferbaglobal.com\/?page_id=44729"},"modified":"2025-03-16T19:53:50","modified_gmt":"2025-03-16T19:53:50","slug":"aluminum-ingots","status":"publish","type":"page","link":"https:\/\/ferbaglobal.com\/tr\/aluminum-ingots\/","title":{"rendered":"Al\u00fcminyum K\u00fcl\u00e7eler"},"content":{"rendered":"<div data-elementor-type=\"wp-page\" data-elementor-id=\"44729\" class=\"elementor elementor-44729\">\n\t\t\t\t<div class=\"elementor-element elementor-element-f2fdb0f e-flex e-con-boxed e-con e-parent\" data-id=\"f2fdb0f\" data-element_type=\"container\">\n\t\t\t\t\t<div class=\"e-con-inner\">\n\t\t\t\t<div class=\"elementor-element elementor-element-202456b elementor-widget elementor-widget-image\" data-id=\"202456b\" data-element_type=\"widget\" data-widget_type=\"image.default\">\n\t\t\t\t<div class=\"elementor-widget-container\">\n\t\t\t\t\t\t\t\t\t\t\t\t\t\t\t<img fetchpriority=\"high\" decoding=\"async\" width=\"870\" height=\"600\" src=\"https:\/\/ferbaglobal.com\/wp-content\/uploads\/2025\/01\/product-images-ferba-global-15.jpg\" class=\"attachment-large size-large wp-image-44878\" alt=\"\" srcset=\"https:\/\/ferbaglobal.com\/wp-content\/uploads\/2025\/01\/product-images-ferba-global-15.jpg 870w, https:\/\/ferbaglobal.com\/wp-content\/uploads\/2025\/01\/product-images-ferba-global-15-768x530.jpg 768w, https:\/\/ferbaglobal.com\/wp-content\/uploads\/2025\/01\/product-images-ferba-global-15-18x12.jpg 18w\" sizes=\"(max-width: 870px) 100vw, 870px\" \/>\t\t\t\t\t\t\t\t\t\t\t\t\t\t\t<\/div>\n\t\t\t\t<\/div>\n\t\t\t\t\t<\/div>\n\t\t\t\t<\/div>\n\t\t<div class=\"elementor-element elementor-element-1bf9fc5 e-flex e-con-boxed e-con e-parent\" data-id=\"1bf9fc5\" data-element_type=\"container\">\n\t\t\t\t\t<div class=\"e-con-inner\">\n\t\t\t\t<div class=\"elementor-element elementor-element-d64a5aa elementor-widget elementor-widget-heading\" data-id=\"d64a5aa\" data-element_type=\"widget\" data-widget_type=\"heading.default\">\n\t\t\t\t<div class=\"elementor-widget-container\">\n\t\t\t\t\t<h2 class=\"elementor-heading-title elementor-size-default\">\u00c7e\u015fitli Uygulamalar \u0130\u00e7in Y\u00fcksek Kaliteli Al\u00fcminyum K\u00fcl\u00e7eler<\/h2>\t\t\t\t<\/div>\n\t\t\t\t<\/div>\n\t\t\t\t<div class=\"elementor-element elementor-element-ce2ee2c elementor-widget elementor-widget-text-editor\" data-id=\"ce2ee2c\" data-element_type=\"widget\" data-widget_type=\"text-editor.default\">\n\t\t\t\t<div class=\"elementor-widget-container\">\n\t\t\t\t\t\t\t\t\t<p>Ferba Global, ASTM B209, EN 573-3 gibi uluslararas\u0131 standartlara uygun y\u00fcksek kaliteli al\u00fcminyum k\u00fct\u00fckler sunmaktad\u0131r. ,7 safl\u0131\u011f\u0131ndaki al\u00fcminyum ve d\u00fc\u015f\u00fck safs\u0131zl\u0131k i\u00e7eri\u011fi ile k\u00fct\u00fcklerimiz, sanayi \u00fcretimi, d\u00f6k\u00fcm ve ala\u015f\u0131m \u00fcretimi gibi \u00e7e\u015fitli uygulamalarda kullan\u0131lmaktad\u0131r.<\/p>\t\t\t\t\t\t\t\t<\/div>\n\t\t\t\t<\/div>\n\t\t\t\t<div class=\"elementor-element elementor-element-c8e33a1 elementor-widget elementor-widget-heading\" data-id=\"c8e33a1\" data-element_type=\"widget\" data-widget_type=\"heading.default\">\n\t\t\t\t<div class=\"elementor-widget-container\">\n\t\t\t\t\t<h2 class=\"elementor-heading-title elementor-size-default\">Al\u00fcminyum K\u00fct\u00fcklerimizin Avantajlar\u0131:<\/h2>\t\t\t\t<\/div>\n\t\t\t\t<\/div>\n\t\t\t\t\t<\/div>\n\t\t\t\t<\/div>\n\t\t<div class=\"elementor-element elementor-element-933daa7 e-flex e-con-boxed e-con e-parent\" data-id=\"933daa7\" data-element_type=\"container\">\n\t\t\t\t\t<div class=\"e-con-inner\">\n\t\t<div class=\"elementor-element elementor-element-9b5e892 e-con-full e-flex e-con e-child\" data-id=\"9b5e892\" data-element_type=\"container\">\n\t\t\t\t<div class=\"elementor-element elementor-element-8c6e76a elementor-widget elementor-widget-image\" data-id=\"8c6e76a\" data-element_type=\"widget\" data-widget_type=\"image.default\">\n\t\t\t\t<div class=\"elementor-widget-container\">\n\t\t\t\t\t\t\t\t\t\t\t\t\t\t\t<img decoding=\"async\" width=\"870\" height=\"600\" src=\"https:\/\/ferbaglobal.com\/wp-content\/uploads\/2025\/01\/product-image-14.jpg\" class=\"attachment-large size-large wp-image-44841\" alt=\"\" srcset=\"https:\/\/ferbaglobal.com\/wp-content\/uploads\/2025\/01\/product-image-14.jpg 870w, https:\/\/ferbaglobal.com\/wp-content\/uploads\/2025\/01\/product-image-14-768x530.jpg 768w, https:\/\/ferbaglobal.com\/wp-content\/uploads\/2025\/01\/product-image-14-18x12.jpg 18w\" sizes=\"(max-width: 870px) 100vw, 870px\" \/>\t\t\t\t\t\t\t\t\t\t\t\t\t\t\t<\/div>\n\t\t\t\t<\/div>\n\t\t\t\t<\/div>\n\t\t<div class=\"elementor-element elementor-element-5a3d669 e-con-full e-flex e-con e-child\" data-id=\"5a3d669\" data-element_type=\"container\">\n\t\t\t\t<div class=\"elementor-element elementor-element-d29be3c elementor-widget elementor-widget-image\" data-id=\"d29be3c\" data-element_type=\"widget\" data-widget_type=\"image.default\">\n\t\t\t\t<div class=\"elementor-widget-container\">\n\t\t\t\t\t\t\t\t\t\t\t\t\t\t\t<img decoding=\"async\" width=\"870\" height=\"600\" src=\"https:\/\/ferbaglobal.com\/wp-content\/uploads\/2025\/01\/product-image-13.jpg\" class=\"attachment-large size-large wp-image-44840\" alt=\"\" srcset=\"https:\/\/ferbaglobal.com\/wp-content\/uploads\/2025\/01\/product-image-13.jpg 870w, https:\/\/ferbaglobal.com\/wp-content\/uploads\/2025\/01\/product-image-13-768x530.jpg 768w, https:\/\/ferbaglobal.com\/wp-content\/uploads\/2025\/01\/product-image-13-18x12.jpg 18w\" sizes=\"(max-width: 870px) 100vw, 870px\" \/>\t\t\t\t\t\t\t\t\t\t\t\t\t\t\t<\/div>\n\t\t\t\t<\/div>\n\t\t\t\t<\/div>\n\t\t\t\t\t<\/div>\n\t\t\t\t<\/div>\n\t\t<div class=\"elementor-element elementor-element-c4eb490 e-flex e-con-boxed e-con e-parent\" data-id=\"c4eb490\" data-element_type=\"container\">\n\t\t\t\t\t<div class=\"e-con-inner\">\n\t\t\t\t<div class=\"elementor-element elementor-element-e43688f elementor-widget elementor-widget-text-editor\" data-id=\"e43688f\" data-element_type=\"widget\" data-widget_type=\"text-editor.default\">\n\t\t\t\t<div class=\"elementor-widget-container\">\n\t\t\t\t\t\t\t\t\t<p>\u2705 Y\u00fcksek al\u00fcminyum safl\u0131\u011f\u0131 \u2013 Minimum seviyede safs\u0131zl\u0131k i\u00e7erir.<br \/>\u2705 M\u00fckemmel fiziksel \u00f6zellikler \u2013 Dayan\u0131kl\u0131 ve korozyona kar\u015f\u0131 diren\u00e7li.<br \/>\u2705 Farkl\u0131 boyut se\u00e7enekleri \u2013 Standart k\u00fct\u00fckler, 3 ila 6 in\u00e7 y\u00fcksekli\u011finde ve 8 ila 12 in\u00e7 geni\u015fli\u011findedir.<br \/>\u2705 Kolay ta\u015f\u0131ma ve depolama \u2013 Demetler halinde veya paletlere ba\u011flanm\u0131\u015f olarak sevk edilir.<\/p><p>FOB, CIF, DAP, DDP gibi esnek teslimat se\u00e7enekleri sunuyoruz. Bizimle ileti\u015fime ge\u00e7erek en iyi fiyat teklifimizi al\u0131n!<\/p>\t\t\t\t\t\t\t\t<\/div>\n\t\t\t\t<\/div>\n\t\t\t\t\t<\/div>\n\t\t\t\t<\/div>\n\t\t\t\t<\/div>","protected":false},"excerpt":{"rendered":"<p>High-Quality Aluminum Ingots for Various Applications Ferba Global supplies premium-grade aluminum ingots that meet ASTM B209, EN 573-3, and equivalent international standards. With 99.7% aluminum purity and..<\/p>","protected":false},"author":1,"featured_media":0,"parent":0,"menu_order":0,"comment_status":"closed","ping_status":"closed","template":"","meta":{"footnotes":""},"class_list":["post-44729","page","type-page","status-publish","hentry"],"_links":{"self":[{"href":"https:\/\/ferbaglobal.com\/tr\/wp-json\/wp\/v2\/pages\/44729","targetHints":{"allow":["GET"]}}],"collection":[{"href":"https:\/\/ferbaglobal.com\/tr\/wp-json\/wp\/v2\/pages"}],"about":[{"href":"https:\/\/ferbaglobal.com\/tr\/wp-json\/wp\/v2\/types\/page"}],"author":[{"embeddable":true,"href":"https:\/\/ferbaglobal.com\/tr\/wp-json\/wp\/v2\/users\/1"}],"replies":[{"embeddable":true,"href":"https:\/\/ferbaglobal.com\/tr\/wp-json\/wp\/v2\/comments?post=44729"}],"version-history":[{"count":25,"href":"https:\/\/ferbaglobal.com\/tr\/wp-json\/wp\/v2\/pages\/44729\/revisions"}],"predecessor-version":[{"id":45644,"href":"https:\/\/ferbaglobal.com\/tr\/wp-json\/wp\/v2\/pages\/44729\/revisions\/45644"}],"wp:attachment":[{"href":"https:\/\/ferbaglobal.com\/tr\/wp-json\/wp\/v2\/media?parent=44729"}],"curies":[{"name":"wp","href":"https:\/\/api.w.org\/{rel}","templated":true}]}}