{"id":44731,"date":"2025-01-08T13:32:42","date_gmt":"2025-01-08T13:32:42","guid":{"rendered":"https:\/\/ferbaglobal.com\/?page_id=44731"},"modified":"2025-03-16T20:04:27","modified_gmt":"2025-03-16T20:04:27","slug":"sugar-cane","status":"publish","type":"page","link":"https:\/\/ferbaglobal.com\/tr\/sugar-cane\/","title":{"rendered":"\u015eeker kam\u0131\u015f\u0131"},"content":{"rendered":"<div data-elementor-type=\"wp-page\" data-elementor-id=\"44731\" class=\"elementor elementor-44731\">\n\t\t\t\t<div class=\"elementor-element elementor-element-f2fdb0f e-flex e-con-boxed e-con e-parent\" data-id=\"f2fdb0f\" data-element_type=\"container\">\n\t\t\t\t\t<div class=\"e-con-inner\">\n\t\t\t\t<div class=\"elementor-element elementor-element-202456b elementor-widget elementor-widget-image\" data-id=\"202456b\" data-element_type=\"widget\" data-widget_type=\"image.default\">\n\t\t\t\t<div class=\"elementor-widget-container\">\n\t\t\t\t\t\t\t\t\t\t\t\t\t\t\t<img fetchpriority=\"high\" decoding=\"async\" width=\"870\" height=\"600\" src=\"https:\/\/ferbaglobal.com\/wp-content\/uploads\/2025\/01\/product-images-ferba-global-12.jpg\" class=\"attachment-large size-large wp-image-44875\" alt=\"\" srcset=\"https:\/\/ferbaglobal.com\/wp-content\/uploads\/2025\/01\/product-images-ferba-global-12.jpg 870w, https:\/\/ferbaglobal.com\/wp-content\/uploads\/2025\/01\/product-images-ferba-global-12-768x530.jpg 768w, https:\/\/ferbaglobal.com\/wp-content\/uploads\/2025\/01\/product-images-ferba-global-12-18x12.jpg 18w\" sizes=\"(max-width: 870px) 100vw, 870px\" \/>\t\t\t\t\t\t\t\t\t\t\t\t\t\t\t<\/div>\n\t\t\t\t<\/div>\n\t\t\t\t\t<\/div>\n\t\t\t\t<\/div>\n\t\t<div class=\"elementor-element elementor-element-1bf9fc5 e-flex e-con-boxed e-con e-parent\" data-id=\"1bf9fc5\" data-element_type=\"container\">\n\t\t\t\t\t<div class=\"e-con-inner\">\n\t\t\t\t<div class=\"elementor-element elementor-element-d64a5aa elementor-widget elementor-widget-heading\" data-id=\"d64a5aa\" data-element_type=\"widget\" data-widget_type=\"heading.default\">\n\t\t\t\t<div class=\"elementor-widget-container\">\n\t\t\t\t\t<h2 class=\"elementor-heading-title elementor-size-default\">Brezilya\u2019dan ICUMSA 45 (White Sugar) \u2013 En Y\u00fcksek Kalitede Beyaz Kam\u0131\u015f \u015eekeri <\/h2>\t\t\t\t<\/div>\n\t\t\t\t<\/div>\n\t\t\t\t<div class=\"elementor-element elementor-element-ce2ee2c elementor-widget elementor-widget-text-editor\" data-id=\"ce2ee2c\" data-element_type=\"widget\" data-widget_type=\"text-editor.default\">\n\t\t\t\t<div class=\"elementor-widget-container\">\n\t\t\t\t\t\t\t\t\t<p>Ferba Global supplies Brazilian ICUMSA 45 white sugar (White Sugar), one of the world\u2019s purest and most sought-after refined cane sugars. With exceptional whiteness, perfect crystallization, and fast solubility, this white sugar is ideal for food production, beverages, and retail distribution.<\/p>\t\t\t\t\t\t\t\t<\/div>\n\t\t\t\t<\/div>\n\t\t\t\t<div class=\"elementor-element elementor-element-c8e33a1 elementor-widget elementor-widget-heading\" data-id=\"c8e33a1\" data-element_type=\"widget\" data-widget_type=\"heading.default\">\n\t\t\t\t<div class=\"elementor-widget-container\">\n\t\t\t\t\t<h2 class=\"elementor-heading-title elementor-size-default\">ICUMSA 45 (White Sugar) \u015eekerinin Avantajlar\u0131:<\/h2>\t\t\t\t<\/div>\n\t\t\t\t<\/div>\n\t\t\t\t\t<\/div>\n\t\t\t\t<\/div>\n\t\t<div class=\"elementor-element elementor-element-933daa7 e-flex e-con-boxed e-con e-parent\" data-id=\"933daa7\" data-element_type=\"container\">\n\t\t\t\t\t<div class=\"e-con-inner\">\n\t\t<div class=\"elementor-element elementor-element-9b5e892 e-con-full e-flex e-con e-child\" data-id=\"9b5e892\" data-element_type=\"container\">\n\t\t\t\t<div class=\"elementor-element elementor-element-8c6e76a elementor-widget elementor-widget-image\" data-id=\"8c6e76a\" data-element_type=\"widget\" data-widget_type=\"image.default\">\n\t\t\t\t<div class=\"elementor-widget-container\">\n\t\t\t\t\t\t\t\t\t\t\t\t\t\t\t<img decoding=\"async\" width=\"870\" height=\"600\" src=\"https:\/\/ferbaglobal.com\/wp-content\/uploads\/2025\/01\/product-images-ferba-global-11.jpg\" class=\"attachment-large size-large wp-image-44874\" alt=\"\" srcset=\"https:\/\/ferbaglobal.com\/wp-content\/uploads\/2025\/01\/product-images-ferba-global-11.jpg 870w, https:\/\/ferbaglobal.com\/wp-content\/uploads\/2025\/01\/product-images-ferba-global-11-768x530.jpg 768w, https:\/\/ferbaglobal.com\/wp-content\/uploads\/2025\/01\/product-images-ferba-global-11-18x12.jpg 18w\" sizes=\"(max-width: 870px) 100vw, 870px\" \/>\t\t\t\t\t\t\t\t\t\t\t\t\t\t\t<\/div>\n\t\t\t\t<\/div>\n\t\t\t\t<\/div>\n\t\t<div class=\"elementor-element elementor-element-5a3d669 e-con-full e-flex e-con e-child\" data-id=\"5a3d669\" data-element_type=\"container\">\n\t\t\t\t<div class=\"elementor-element elementor-element-d29be3c elementor-widget elementor-widget-image\" data-id=\"d29be3c\" data-element_type=\"widget\" data-widget_type=\"image.default\">\n\t\t\t\t<div class=\"elementor-widget-container\">\n\t\t\t\t\t\t\t\t\t\t\t\t\t\t\t<img decoding=\"async\" width=\"870\" height=\"600\" src=\"https:\/\/ferbaglobal.com\/wp-content\/uploads\/2025\/01\/product-images-ferba-global-10.jpg\" class=\"attachment-large size-large wp-image-44873\" alt=\"\" srcset=\"https:\/\/ferbaglobal.com\/wp-content\/uploads\/2025\/01\/product-images-ferba-global-10.jpg 870w, https:\/\/ferbaglobal.com\/wp-content\/uploads\/2025\/01\/product-images-ferba-global-10-768x530.jpg 768w, https:\/\/ferbaglobal.com\/wp-content\/uploads\/2025\/01\/product-images-ferba-global-10-18x12.jpg 18w\" sizes=\"(max-width: 870px) 100vw, 870px\" \/>\t\t\t\t\t\t\t\t\t\t\t\t\t\t\t<\/div>\n\t\t\t\t<\/div>\n\t\t\t\t<\/div>\n\t\t\t\t\t<\/div>\n\t\t\t\t<\/div>\n\t\t<div class=\"elementor-element elementor-element-c4eb490 e-flex e-con-boxed e-con e-parent\" data-id=\"c4eb490\" data-element_type=\"container\">\n\t\t\t\t\t<div class=\"e-con-inner\">\n\t\t\t\t<div class=\"elementor-element elementor-element-e43688f elementor-widget elementor-widget-text-editor\" data-id=\"e43688f\" data-element_type=\"widget\" data-widget_type=\"text-editor.default\">\n\t\t\t\t<div class=\"elementor-widget-container\">\n\t\t\t\t\t\t\t\t\t<p>\u2705 \u00dcst\u00fcn safl\u0131k \u2013 Minimum nem ve yabanc\u0131 madde i\u00e7eri\u011fi.<br \/>\u2705 Parlak beyaz renk (45 ICUMSA) \u2013 Uluslararas\u0131 standartlara uygundur.<br \/>\u2705 Kolay \u00e7\u00f6z\u00fcnebilir \u2013 G\u0131da ve i\u00e7ecek \u00fcretimi i\u00e7in m\u00fckemmel.<br \/>\u2705 Brezilya \u00fcretimi \u2013 D\u00fcnyan\u0131n en b\u00fcy\u00fck beyaz \u015feker tedarik\u00e7ilerinden biri.<\/p>\t\t\t\t\t\t\t\t<\/div>\n\t\t\t\t<\/div>\n\t\t\t\t<div class=\"elementor-element elementor-element-2bb000d elementor-widget elementor-widget-text-editor\" data-id=\"2bb000d\" data-element_type=\"widget\" data-widget_type=\"text-editor.default\">\n\t\t\t\t<div class=\"elementor-widget-container\">\n\t\t\t\t\t\t\t\t\t<p>FOB, CIF, DAP, DDP gibi esnek teslimat se\u00e7enekleri sunuyoruz. Hemen bizimle ileti\u015fime ge\u00e7in ve en iyi fiyat teklifinizi al\u0131n!<\/p>\t\t\t\t\t\t\t\t<\/div>\n\t\t\t\t<\/div>\n\t\t\t\t\t<\/div>\n\t\t\t\t<\/div>\n\t\t\t\t<\/div>","protected":false},"excerpt":{"rendered":"<p>ICUMSA 45 (White Sugar) from Brazil \u2013 Premium White Cane Ferba Global supplies Brazilian ICUMSA 45 white sugar (White Sugar), one of the world\u2019s purest and most..<\/p>","protected":false},"author":1,"featured_media":0,"parent":0,"menu_order":0,"comment_status":"closed","ping_status":"closed","template":"","meta":{"footnotes":""},"class_list":["post-44731","page","type-page","status-publish","hentry"],"_links":{"self":[{"href":"https:\/\/ferbaglobal.com\/tr\/wp-json\/wp\/v2\/pages\/44731","targetHints":{"allow":["GET"]}}],"collection":[{"href":"https:\/\/ferbaglobal.com\/tr\/wp-json\/wp\/v2\/pages"}],"about":[{"href":"https:\/\/ferbaglobal.com\/tr\/wp-json\/wp\/v2\/types\/page"}],"author":[{"embeddable":true,"href":"https:\/\/ferbaglobal.com\/tr\/wp-json\/wp\/v2\/users\/1"}],"replies":[{"embeddable":true,"href":"https:\/\/ferbaglobal.com\/tr\/wp-json\/wp\/v2\/comments?post=44731"}],"version-history":[{"count":41,"href":"https:\/\/ferbaglobal.com\/tr\/wp-json\/wp\/v2\/pages\/44731\/revisions"}],"predecessor-version":[{"id":45660,"href":"https:\/\/ferbaglobal.com\/tr\/wp-json\/wp\/v2\/pages\/44731\/revisions\/45660"}],"wp:attachment":[{"href":"https:\/\/ferbaglobal.com\/tr\/wp-json\/wp\/v2\/media?parent=44731"}],"curies":[{"name":"wp","href":"https:\/\/api.w.org\/{rel}","templated":true}]}}