{"id":44769,"date":"2025-01-08T13:44:33","date_gmt":"2025-01-08T13:44:33","guid":{"rendered":"https:\/\/ferbaglobal.com\/?page_id=44769"},"modified":"2025-01-09T23:31:29","modified_gmt":"2025-01-09T23:31:29","slug":"metals","status":"publish","type":"page","link":"https:\/\/ferbaglobal.com\/tr\/metals\/","title":{"rendered":"Metaller"},"content":{"rendered":"<div data-elementor-type=\"wp-page\" data-elementor-id=\"44769\" class=\"elementor elementor-44769\">\n\t\t\t\t<div class=\"elementor-element elementor-element-b8ad070 e-flex e-con-boxed e-con e-parent\" data-id=\"b8ad070\" data-element_type=\"container\">\n\t\t\t\t\t<div class=\"e-con-inner\">\n\t\t<div class=\"elementor-element elementor-element-a2d46b4 e-con-full e-flex e-con e-child\" data-id=\"a2d46b4\" data-element_type=\"container\">\n\t\t\t\t<div class=\"elementor-element elementor-element-b167021 elementor-widget elementor-widget-image\" data-id=\"b167021\" data-element_type=\"widget\" data-widget_type=\"image.default\">\n\t\t\t\t<div class=\"elementor-widget-container\">\n\t\t\t\t\t\t\t\t\t\t\t\t<figure class=\"wp-caption\">\n\t\t\t\t\t\t\t\t\t\t\t<a href=\"https:\/\/ferbaglobal.com\/tr\/aluminum-ingots\/\">\n\t\t\t\t\t\t\t<img fetchpriority=\"high\" decoding=\"async\" width=\"870\" height=\"600\" src=\"https:\/\/ferbaglobal.com\/wp-content\/uploads\/2025\/01\/product-images-ferba-global-15.jpg\" class=\"attachment-large size-large wp-image-44878\" alt=\"\" srcset=\"https:\/\/ferbaglobal.com\/wp-content\/uploads\/2025\/01\/product-images-ferba-global-15.jpg 870w, https:\/\/ferbaglobal.com\/wp-content\/uploads\/2025\/01\/product-images-ferba-global-15-768x530.jpg 768w, https:\/\/ferbaglobal.com\/wp-content\/uploads\/2025\/01\/product-images-ferba-global-15-18x12.jpg 18w\" sizes=\"(max-width: 870px) 100vw, 870px\" \/>\t\t\t\t\t\t\t\t<\/a>\n\t\t\t\t\t\t\t\t\t\t\t<figcaption class=\"widget-image-caption wp-caption-text\">Al\u00fcminyum K\u00fcl\u00e7eler<\/figcaption>\n\t\t\t\t\t\t\t\t\t\t<\/figure>\n\t\t\t\t\t\t\t\t\t<\/div>\n\t\t\t\t<\/div>\n\t\t\t\t<\/div>\n\t\t<div class=\"elementor-element elementor-element-b59d253 e-con-full e-flex e-con e-child\" data-id=\"b59d253\" data-element_type=\"container\">\n\t\t\t\t<\/div>\n\t\t\t\t\t<\/div>\n\t\t\t\t<\/div>\n\t\t\t\t<\/div>","protected":false},"excerpt":{"rendered":"<p>Al\u00fcminyum K\u00fcl\u00e7eler<\/p>","protected":false},"author":1,"featured_media":0,"parent":0,"menu_order":0,"comment_status":"closed","ping_status":"closed","template":"","meta":{"footnotes":""},"class_list":["post-44769","page","type-page","status-publish","hentry"],"_links":{"self":[{"href":"https:\/\/ferbaglobal.com\/tr\/wp-json\/wp\/v2\/pages\/44769","targetHints":{"allow":["GET"]}}],"collection":[{"href":"https:\/\/ferbaglobal.com\/tr\/wp-json\/wp\/v2\/pages"}],"about":[{"href":"https:\/\/ferbaglobal.com\/tr\/wp-json\/wp\/v2\/types\/page"}],"author":[{"embeddable":true,"href":"https:\/\/ferbaglobal.com\/tr\/wp-json\/wp\/v2\/users\/1"}],"replies":[{"embeddable":true,"href":"https:\/\/ferbaglobal.com\/tr\/wp-json\/wp\/v2\/comments?post=44769"}],"version-history":[{"count":10,"href":"https:\/\/ferbaglobal.com\/tr\/wp-json\/wp\/v2\/pages\/44769\/revisions"}],"predecessor-version":[{"id":44962,"href":"https:\/\/ferbaglobal.com\/tr\/wp-json\/wp\/v2\/pages\/44769\/revisions\/44962"}],"wp:attachment":[{"href":"https:\/\/ferbaglobal.com\/tr\/wp-json\/wp\/v2\/media?parent=44769"}],"curies":[{"name":"wp","href":"https:\/\/api.w.org\/{rel}","templated":true}]}}