{"id":44791,"date":"2025-01-08T14:15:32","date_gmt":"2025-01-08T14:15:32","guid":{"rendered":"https:\/\/ferbaglobal.com\/?page_id=44791"},"modified":"2025-01-09T23:33:51","modified_gmt":"2025-01-09T23:33:51","slug":"sugar","status":"publish","type":"page","link":"https:\/\/ferbaglobal.com\/tr\/sugar\/","title":{"rendered":"\u015eeker"},"content":{"rendered":"<div data-elementor-type=\"wp-page\" data-elementor-id=\"44791\" class=\"elementor elementor-44791\">\n\t\t\t\t<div class=\"elementor-element elementor-element-904d67e e-flex e-con-boxed e-con e-parent\" data-id=\"904d67e\" data-element_type=\"container\">\n\t\t\t\t\t<div class=\"e-con-inner\">\n\t\t<div class=\"elementor-element elementor-element-53c517d e-con-full e-flex e-con e-child\" data-id=\"53c517d\" data-element_type=\"container\">\n\t\t\t\t<div class=\"elementor-element elementor-element-3758b65 elementor-widget elementor-widget-image\" data-id=\"3758b65\" data-element_type=\"widget\" data-widget_type=\"image.default\">\n\t\t\t\t<div class=\"elementor-widget-container\">\n\t\t\t\t\t\t\t\t\t\t\t\t<figure class=\"wp-caption\">\n\t\t\t\t\t\t\t\t\t\t\t<a href=\"https:\/\/ferbaglobal.com\/tr\/sugar-cane\/\">\n\t\t\t\t\t\t\t<img fetchpriority=\"high\" decoding=\"async\" width=\"500\" height=\"500\" src=\"https:\/\/ferbaglobal.com\/wp-content\/uploads\/2025\/01\/feature-images-of-product-ferba-global-4.jpg\" class=\"attachment-large size-large wp-image-44952\" alt=\"\" srcset=\"https:\/\/ferbaglobal.com\/wp-content\/uploads\/2025\/01\/feature-images-of-product-ferba-global-4.jpg 500w, https:\/\/ferbaglobal.com\/wp-content\/uploads\/2025\/01\/feature-images-of-product-ferba-global-4-80x80.jpg 80w, https:\/\/ferbaglobal.com\/wp-content\/uploads\/2025\/01\/feature-images-of-product-ferba-global-4-12x12.jpg 12w\" sizes=\"(max-width: 500px) 100vw, 500px\" \/>\t\t\t\t\t\t\t\t<\/a>\n\t\t\t\t\t\t\t\t\t\t\t<figcaption class=\"widget-image-caption wp-caption-text\">\u015eeker kam\u0131\u015f\u0131<\/figcaption>\n\t\t\t\t\t\t\t\t\t\t<\/figure>\n\t\t\t\t\t\t\t\t\t<\/div>\n\t\t\t\t<\/div>\n\t\t\t\t<\/div>\n\t\t<div class=\"elementor-element elementor-element-9fec1fc e-con-full e-flex e-con e-child\" data-id=\"9fec1fc\" data-element_type=\"container\">\n\t\t\t\t<div class=\"elementor-element elementor-element-b167021 elementor-widget elementor-widget-image\" data-id=\"b167021\" data-element_type=\"widget\" data-widget_type=\"image.default\">\n\t\t\t\t<div class=\"elementor-widget-container\">\n\t\t\t\t\t\t\t\t\t\t\t\t<figure class=\"wp-caption\">\n\t\t\t\t\t\t\t\t\t\t\t<a href=\"https:\/\/ferbaglobal.com\/tr\/sugar-beet\/\">\n\t\t\t\t\t\t\t<img decoding=\"async\" width=\"500\" height=\"500\" src=\"https:\/\/ferbaglobal.com\/wp-content\/uploads\/2025\/01\/feature-images-of-product-ferba-global-5.jpg\" class=\"attachment-large size-large wp-image-44953\" alt=\"\" srcset=\"https:\/\/ferbaglobal.com\/wp-content\/uploads\/2025\/01\/feature-images-of-product-ferba-global-5.jpg 500w, https:\/\/ferbaglobal.com\/wp-content\/uploads\/2025\/01\/feature-images-of-product-ferba-global-5-80x80.jpg 80w, https:\/\/ferbaglobal.com\/wp-content\/uploads\/2025\/01\/feature-images-of-product-ferba-global-5-12x12.jpg 12w\" sizes=\"(max-width: 500px) 100vw, 500px\" \/>\t\t\t\t\t\t\t\t<\/a>\n\t\t\t\t\t\t\t\t\t\t\t<figcaption class=\"widget-image-caption wp-caption-text\">\u015eeker pancar\u0131<\/figcaption>\n\t\t\t\t\t\t\t\t\t\t<\/figure>\n\t\t\t\t\t\t\t\t\t<\/div>\n\t\t\t\t<\/div>\n\t\t\t\t<\/div>\n\t\t\t\t\t<\/div>\n\t\t\t\t<\/div>\n\t\t\t\t<\/div>","protected":false},"excerpt":{"rendered":"<p>Sugar cane Sugar beet<\/p>","protected":false},"author":1,"featured_media":0,"parent":0,"menu_order":0,"comment_status":"closed","ping_status":"closed","template":"","meta":{"footnotes":""},"class_list":["post-44791","page","type-page","status-publish","hentry"],"_links":{"self":[{"href":"https:\/\/ferbaglobal.com\/tr\/wp-json\/wp\/v2\/pages\/44791","targetHints":{"allow":["GET"]}}],"collection":[{"href":"https:\/\/ferbaglobal.com\/tr\/wp-json\/wp\/v2\/pages"}],"about":[{"href":"https:\/\/ferbaglobal.com\/tr\/wp-json\/wp\/v2\/types\/page"}],"author":[{"embeddable":true,"href":"https:\/\/ferbaglobal.com\/tr\/wp-json\/wp\/v2\/users\/1"}],"replies":[{"embeddable":true,"href":"https:\/\/ferbaglobal.com\/tr\/wp-json\/wp\/v2\/comments?post=44791"}],"version-history":[{"count":7,"href":"https:\/\/ferbaglobal.com\/tr\/wp-json\/wp\/v2\/pages\/44791\/revisions"}],"predecessor-version":[{"id":44968,"href":"https:\/\/ferbaglobal.com\/tr\/wp-json\/wp\/v2\/pages\/44791\/revisions\/44968"}],"wp:attachment":[{"href":"https:\/\/ferbaglobal.com\/tr\/wp-json\/wp\/v2\/media?parent=44791"}],"curies":[{"name":"wp","href":"https:\/\/api.w.org\/{rel}","templated":true}]}}